{"id":383,"date":"2014-09-16T08:26:37","date_gmt":"2014-09-16T06:26:37","guid":{"rendered":"http:\/\/www.eventmore.ch\/pro\/?page_id=383"},"modified":"2018-03-21T11:39:26","modified_gmt":"2018-03-21T10:39:26","slug":"palco-mobile","status":"publish","type":"page","link":"https:\/\/www.eventmore.ch\/pro\/palchi\/palco-mobile\/","title":{"rendered":"Palco Mobile"},"content":{"rendered":"<div  class='flex_column av-av_three_fourth-2a9015ff38129c418a3f2eafba3e9512 av_three_fourth  avia-builder-el-0  el_before_av_one_fourth  avia-builder-el-first  first flex_column_div  '     ><style type=\"text\/css\" data-created_by=\"avia_inline_auto\" id=\"style-css-av-av_heading-7a3ef6cf648468fcac5d3335446312c1\">\n#top .av-special-heading.av-av_heading-7a3ef6cf648468fcac5d3335446312c1{\npadding-bottom:8px;\n}\nbody .av-special-heading.av-av_heading-7a3ef6cf648468fcac5d3335446312c1 .av-special-heading-tag .heading-char{\nfont-size:25px;\n}\n.av-special-heading.av-av_heading-7a3ef6cf648468fcac5d3335446312c1 .av-subheading{\nfont-size:15px;\n}\n<\/style>\n<div  class='av-special-heading av-av_heading-7a3ef6cf648468fcac5d3335446312c1 av-special-heading-h1 blockquote modern-quote  avia-builder-el-1  avia-builder-el-no-sibling '><h1 class='av-special-heading-tag '  itemprop=\"headline\"  >Palco Mobile<\/h1><div class=\"special-heading-border\"><div class=\"special-heading-inner-border\"><\/div><\/div><\/div><\/div>\n\n<style type=\"text\/css\" data-created_by=\"avia_inline_auto\" id=\"style-css-av-av_one_fourth-9c1d454dc06f7247226bc4e8f931daae\">\n.flex_column.av-av_one_fourth-9c1d454dc06f7247226bc4e8f931daae{\nborder-radius:0px 0px 0px 0px;\npadding:0px 0px 0px 0px;\n}\n<\/style>\n<div  class='flex_column av-av_one_fourth-9c1d454dc06f7247226bc4e8f931daae av_one_fourth  avia-builder-el-2  el_after_av_three_fourth  el_before_av_one_full  flex_column_div av-zero-column-padding  '     ><div  class='avia-button-wrap av-av_button-f12ede24167fab348e8b7935a555bc8d-wrap avia-button-right  avia-builder-el-3  avia-builder-el-no-sibling '>\n<style type=\"text\/css\" data-created_by=\"avia_inline_auto\" id=\"style-css-av-av_button-f12ede24167fab348e8b7935a555bc8d\">\n#top #wrap_all .avia-button.av-av_button-f12ede24167fab348e8b7935a555bc8d{\nbackground-color:#e5e5e5;\nborder-color:#e5e5e5;\ncolor:#000000;\ntransition:all 0.4s ease-in-out;\n}\n#top #wrap_all .avia-button.av-av_button-f12ede24167fab348e8b7935a555bc8d .avia-svg-icon svg:first-child{\nfill:#000000;\nstroke:#000000;\n}\n<\/style>\n<a href='https:\/\/www.eventmore.ch\/pro\/palchi\/'  class='avia-button av-av_button-f12ede24167fab348e8b7935a555bc8d av-link-btn avia-icon_select-yes-left-icon avia-size-small avia-position-right'   aria-label=\"Back\"><span class='avia_button_icon avia_button_icon_left avia-iconfont avia-font-entypo-fontello' data-av_icon='\ue878' data-av_iconfont='entypo-fontello' ><\/span><span class='avia_iconbox_title' >Back<\/span><\/a><\/div><\/div>\n<div  class='flex_column av-av_one_full-2a9015ff38129c418a3f2eafba3e9512 av_one_full  avia-builder-el-4  el_after_av_one_fourth  el_before_av_hr  first flex_column_div  column-top-margin'     ><div id='av-masonry-1' class='av-masonry av-av_masonry_gallery-4a3da7f27c23426e9ec48fc1ae05a622 noHover av-fixed-size av-1px-gap av-hover-overlay- av-masonry-animation-active av-masonry-col-flexible av-caption-always av-caption-style- av-masonry-gallery ' data-post_id=\"383\"><div class=\"av-masonry-container isotope av-js-disabled\"><div class='av-masonry-entry isotope-item av-masonry-item-no-image '><\/div><a href=\"https:\/\/www.eventmore.ch\/pro\/wp-content\/uploads\/2014\/09\/palcomobile_4.jpg\" data-srcset=\"https:\/\/www.eventmore.ch\/pro\/wp-content\/uploads\/2014\/09\/palcomobile_4.jpg 500w, https:\/\/www.eventmore.ch\/pro\/wp-content\/uploads\/2014\/09\/palcomobile_4-80x80.jpg 80w, https:\/\/www.eventmore.ch\/pro\/wp-content\/uploads\/2014\/09\/palcomobile_4-300x300.jpg 300w, https:\/\/www.eventmore.ch\/pro\/wp-content\/uploads\/2014\/09\/palcomobile_4-36x36.jpg 36w, https:\/\/www.eventmore.ch\/pro\/wp-content\/uploads\/2014\/09\/palcomobile_4-180x180.jpg 180w, https:\/\/www.eventmore.ch\/pro\/wp-content\/uploads\/2014\/09\/palcomobile_4-120x120.jpg 120w, https:\/\/www.eventmore.ch\/pro\/wp-content\/uploads\/2014\/09\/palcomobile_4-450x450.jpg 450w\" data-sizes=\"(max-width: 500px) 100vw, 500px\"  aria-label=\"immagine palcomobile_4\"  id='av-masonry-1-item-1814' data-av-masonry-item='1814' class='av-masonry-entry isotope-item post-1814 attachment type-attachment status-inherit hentry  av-masonry-item-with-image' title=\"palcomobile_4\" alt=\"\"    itemprop=\"thumbnailUrl\" ><div class='av-inner-masonry-sizer'><\/div><figure class='av-inner-masonry main_color'><div class=\"av-masonry-outerimage-container\"><div class='av-masonry-image-container' style=\"background-image: url(https:\/\/www.eventmore.ch\/pro\/wp-content\/uploads\/2014\/09\/palcomobile_4.jpg);\"  title=\"palcomobile_4\" ><\/div><\/div><\/figure><\/a><!--end av-masonry entry--><a href=\"https:\/\/www.eventmore.ch\/pro\/wp-content\/uploads\/2014\/09\/palcomobile_3.jpg\" data-srcset=\"https:\/\/www.eventmore.ch\/pro\/wp-content\/uploads\/2014\/09\/palcomobile_3.jpg 450w, https:\/\/www.eventmore.ch\/pro\/wp-content\/uploads\/2014\/09\/palcomobile_3-80x80.jpg 80w, https:\/\/www.eventmore.ch\/pro\/wp-content\/uploads\/2014\/09\/palcomobile_3-300x300.jpg 300w, https:\/\/www.eventmore.ch\/pro\/wp-content\/uploads\/2014\/09\/palcomobile_3-36x36.jpg 36w, https:\/\/www.eventmore.ch\/pro\/wp-content\/uploads\/2014\/09\/palcomobile_3-180x180.jpg 180w, https:\/\/www.eventmore.ch\/pro\/wp-content\/uploads\/2014\/09\/palcomobile_3-120x120.jpg 120w\" data-sizes=\"(max-width: 450px) 100vw, 450px\"  aria-label=\"immagine palcomobile_3\"  id='av-masonry-1-item-1813' data-av-masonry-item='1813' class='av-masonry-entry isotope-item post-1813 attachment type-attachment status-inherit hentry  av-masonry-item-with-image' title=\"palcomobile_3\" alt=\"\"    itemprop=\"thumbnailUrl\" ><div class='av-inner-masonry-sizer'><\/div><figure class='av-inner-masonry main_color'><div class=\"av-masonry-outerimage-container\"><div class='av-masonry-image-container' style=\"background-image: url(https:\/\/www.eventmore.ch\/pro\/wp-content\/uploads\/2014\/09\/palcomobile_3.jpg);\"  title=\"palcomobile_3\" ><\/div><\/div><\/figure><\/a><!--end av-masonry entry--><a href=\"https:\/\/www.eventmore.ch\/pro\/wp-content\/uploads\/2014\/09\/palcomobile_2.jpg\" data-srcset=\"https:\/\/www.eventmore.ch\/pro\/wp-content\/uploads\/2014\/09\/palcomobile_2.jpg 500w, https:\/\/www.eventmore.ch\/pro\/wp-content\/uploads\/2014\/09\/palcomobile_2-80x80.jpg 80w, https:\/\/www.eventmore.ch\/pro\/wp-content\/uploads\/2014\/09\/palcomobile_2-300x300.jpg 300w, https:\/\/www.eventmore.ch\/pro\/wp-content\/uploads\/2014\/09\/palcomobile_2-36x36.jpg 36w, https:\/\/www.eventmore.ch\/pro\/wp-content\/uploads\/2014\/09\/palcomobile_2-180x180.jpg 180w, https:\/\/www.eventmore.ch\/pro\/wp-content\/uploads\/2014\/09\/palcomobile_2-120x120.jpg 120w, https:\/\/www.eventmore.ch\/pro\/wp-content\/uploads\/2014\/09\/palcomobile_2-450x450.jpg 450w\" data-sizes=\"(max-width: 500px) 100vw, 500px\"  aria-label=\"immagine palcomobile_2\"  id='av-masonry-1-item-1812' data-av-masonry-item='1812' class='av-masonry-entry isotope-item post-1812 attachment type-attachment status-inherit hentry  av-masonry-item-with-image' title=\"palcomobile_2\" alt=\"\"    itemprop=\"thumbnailUrl\" ><div class='av-inner-masonry-sizer'><\/div><figure class='av-inner-masonry main_color'><div class=\"av-masonry-outerimage-container\"><div class='av-masonry-image-container' style=\"background-image: url(https:\/\/www.eventmore.ch\/pro\/wp-content\/uploads\/2014\/09\/palcomobile_2.jpg);\"  title=\"palcomobile_2\" ><\/div><\/div><\/figure><\/a><!--end av-masonry entry--><a href=\"https:\/\/www.eventmore.ch\/pro\/wp-content\/uploads\/2014\/09\/palcomobile_5.jpg\" data-srcset=\"https:\/\/www.eventmore.ch\/pro\/wp-content\/uploads\/2014\/09\/palcomobile_5.jpg 500w, https:\/\/www.eventmore.ch\/pro\/wp-content\/uploads\/2014\/09\/palcomobile_5-80x80.jpg 80w, https:\/\/www.eventmore.ch\/pro\/wp-content\/uploads\/2014\/09\/palcomobile_5-300x300.jpg 300w, https:\/\/www.eventmore.ch\/pro\/wp-content\/uploads\/2014\/09\/palcomobile_5-36x36.jpg 36w, https:\/\/www.eventmore.ch\/pro\/wp-content\/uploads\/2014\/09\/palcomobile_5-180x180.jpg 180w, https:\/\/www.eventmore.ch\/pro\/wp-content\/uploads\/2014\/09\/palcomobile_5-120x120.jpg 120w, https:\/\/www.eventmore.ch\/pro\/wp-content\/uploads\/2014\/09\/palcomobile_5-450x450.jpg 450w\" data-sizes=\"(max-width: 500px) 100vw, 500px\"  aria-label=\"immagine palcomobile_5\"  id='av-masonry-1-item-2347' data-av-masonry-item='2347' class='av-masonry-entry isotope-item post-2347 attachment type-attachment status-inherit hentry  av-masonry-item-with-image' title=\"palcomobile_5\" alt=\"\"    itemprop=\"thumbnailUrl\" ><div class='av-inner-masonry-sizer'><\/div><figure class='av-inner-masonry main_color'><div class=\"av-masonry-outerimage-container\"><div class='av-masonry-image-container' style=\"background-image: url(https:\/\/www.eventmore.ch\/pro\/wp-content\/uploads\/2014\/09\/palcomobile_5.jpg);\"  title=\"palcomobile_5\" ><\/div><\/div><\/figure><\/a><!--end av-masonry entry--><a href=\"https:\/\/www.eventmore.ch\/pro\/wp-content\/uploads\/2014\/09\/1.jpg\" data-srcset=\"https:\/\/www.eventmore.ch\/pro\/wp-content\/uploads\/2014\/09\/1.jpg 1600w, https:\/\/www.eventmore.ch\/pro\/wp-content\/uploads\/2014\/09\/1-300x169.jpg 300w, https:\/\/www.eventmore.ch\/pro\/wp-content\/uploads\/2014\/09\/1-768x432.jpg 768w, https:\/\/www.eventmore.ch\/pro\/wp-content\/uploads\/2014\/09\/1-1030x579.jpg 1030w, https:\/\/www.eventmore.ch\/pro\/wp-content\/uploads\/2014\/09\/1-1500x844.jpg 1500w, https:\/\/www.eventmore.ch\/pro\/wp-content\/uploads\/2014\/09\/1-705x397.jpg 705w, https:\/\/www.eventmore.ch\/pro\/wp-content\/uploads\/2014\/09\/1-450x253.jpg 450w\" data-sizes=\"(max-width: 1600px) 100vw, 1600px\"  aria-label=\"immagine palcomobile_6\"  id='av-masonry-1-item-3369' data-av-masonry-item='3369' class='av-masonry-entry isotope-item post-3369 attachment type-attachment status-inherit hentry  av-masonry-item-with-image' title=\"palcomobile_6\" alt=\"\"    itemprop=\"thumbnailUrl\" ><div class='av-inner-masonry-sizer'><\/div><figure class='av-inner-masonry main_color'><div class=\"av-masonry-outerimage-container\"><div class='av-masonry-image-container' style=\"background-image: url(https:\/\/www.eventmore.ch\/pro\/wp-content\/uploads\/2014\/09\/1-705x397.jpg);\"  title=\"palcomobile_6\" ><\/div><\/div><\/figure><\/a><!--end av-masonry entry--><\/div><\/div><\/div><div  class='hr av-av_hr-019c49a54a520935806c914d1994bb53 hr-default  avia-builder-el-6  el_after_av_one_full  el_before_av_one_full '><span class='hr-inner '><span class=\"hr-inner-style\"><\/span><\/span><\/div><\/p>\n<div  class='flex_column av-av_one_full-2a9015ff38129c418a3f2eafba3e9512 av_one_full  avia-builder-el-7  el_after_av_hr  el_before_av_hr  first flex_column_div  '     ><section  class='av_textblock_section av-av_textblock-0366cc7376be6c9e82a3e9cc8987b64f '   itemscope=\"itemscope\" itemtype=\"https:\/\/schema.org\/CreativeWork\" ><div class='avia_textblock'  itemprop=\"text\" ><p>Soluzione senza eguali per concerti, promozioni, lounge e convention itineranti, PALCO MOBILE pu\u00f2 essere utilizzato per qualsiasi genere di evento che necessita flessibilit\u00e0 e rapidit\u00e0 nell\u2019allestimento. Un palco dinamico\u00a0e completo di:<\/p>\n<ul>\n<li>\u2022\u00a0Montaggio e smontaggio in 1h<\/li>\n<li>\u2022\u00a0Superficie utile 12x8m<\/li>\n<li>\u2022\u00a0Altezza utile 6,10m<\/li>\n<li>\u2022\u00a04 tonnellate di portata tetto<\/li>\n<li>\u2022\u00a0Possibilit\u00e0 di personalizzazione<\/li>\n<\/ul>\n<\/div><\/section><\/div>\n<div  class='hr av-av_hr-019c49a54a520935806c914d1994bb53 hr-default  avia-builder-el-9  el_after_av_one_full  el_before_av_one_third '><span class='hr-inner '><span class=\"hr-inner-style\"><\/span><\/span><\/div>\n<div  class='flex_column av-av_one_third-2a9015ff38129c418a3f2eafba3e9512 av_one_third  avia-builder-el-10  el_after_av_hr  el_before_av_one_third  first flex_column_div  '     ><div  class='avia-button-wrap av-av_button-8ed3d2ea11d505d3135541b6f21ff707-wrap avia-button-left  avia-builder-el-11  avia-builder-el-no-sibling '><a href='https:\/\/www.eventmore.ch\/palcomobile\/'  class='avia-button av-av_button-8ed3d2ea11d505d3135541b6f21ff707 av-link-btn avia-icon_select-yes-left-icon avia-size-small avia-position-left avia-color-theme-color'   aria-label=\"More info\"><span class='avia_button_icon avia_button_icon_left avia-iconfont avia-font-entypo-fontello' data-av_icon='\ue81f' data-av_iconfont='entypo-fontello' ><\/span><span class='avia_iconbox_title' >More info<\/span><\/a><\/div><\/div>\n\n<style type=\"text\/css\" data-created_by=\"avia_inline_auto\" id=\"style-css-av-av_one_third-9c1d454dc06f7247226bc4e8f931daae\">\n.flex_column.av-av_one_third-9c1d454dc06f7247226bc4e8f931daae{\nborder-radius:0px 0px 0px 0px;\npadding:0px 0px 0px 0px;\n}\n<\/style>\n<div  class='flex_column av-av_one_third-9c1d454dc06f7247226bc4e8f931daae av_one_third  avia-builder-el-12  el_after_av_one_third  el_before_av_one_third  flex_column_div av-zero-column-padding  '     ><div  class='avia-button-wrap av-av_button-550e083f7d384470ae615a9ca852f34e-wrap avia-button-center  avia-builder-el-13  avia-builder-el-no-sibling '><a href='https:\/\/www.eventmore.ch\/downloads\/palco_mobile.pdf'  class='avia-button av-av_button-550e083f7d384470ae615a9ca852f34e av-link-btn avia-icon_select-yes-left-icon avia-size-small avia-position-center avia-color-theme-color'  target=\"_blank\"  rel=\"noopener noreferrer\"  aria-label=\"PDF Prospetto\"><span class='avia_button_icon avia_button_icon_left avia-iconfont avia-font-entypo-fontello' data-av_icon='\ue86f' data-av_iconfont='entypo-fontello' ><\/span><span class='avia_iconbox_title' >PDF Prospetto<\/span><\/a><\/div><\/div>\n\n<style type=\"text\/css\" data-created_by=\"avia_inline_auto\" id=\"style-css-av-av_one_third-9c1d454dc06f7247226bc4e8f931daae\">\n.flex_column.av-av_one_third-9c1d454dc06f7247226bc4e8f931daae{\nborder-radius:0px 0px 0px 0px;\npadding:0px 0px 0px 0px;\n}\n<\/style>\n<div  class='flex_column av-av_one_third-9c1d454dc06f7247226bc4e8f931daae av_one_third  avia-builder-el-14  el_after_av_one_third  el_before_av_hr  flex_column_div av-zero-column-padding  '     ><div  class='avia-button-wrap av-av_button-b722b7984057877557cb22e29074c077-wrap avia-button-right  avia-builder-el-15  avia-builder-el-no-sibling '><a href='https:\/\/www.youtube.com\/watch?v=aqCz6z1li2Y'  class='avia-button av-av_button-b722b7984057877557cb22e29074c077 av-link-btn avia-icon_select-yes-left-icon avia-size-small avia-position-right avia-color-theme-color'  target=\"_blank\"  rel=\"noopener noreferrer\"  aria-label=\"Video\"><span class='avia_button_icon avia_button_icon_left avia-iconfont avia-font-entypo-fontello' data-av_icon='\ue826' data-av_iconfont='entypo-fontello' ><\/span><span class='avia_iconbox_title' >Video<\/span><\/a><\/div><\/div>\n<div  class='hr av-av_hr-019c49a54a520935806c914d1994bb53 hr-default  avia-builder-el-16  el_after_av_one_third  avia-builder-el-last '><span class='hr-inner '><span class=\"hr-inner-style\"><\/span><\/span><\/div>\n","protected":false},"excerpt":{"rendered":"","protected":false},"author":1,"featured_media":0,"parent":373,"menu_order":0,"comment_status":"open","ping_status":"open","template":"","meta":{"footnotes":""},"class_list":["post-383","page","type-page","status-publish","hentry"],"_links":{"self":[{"href":"https:\/\/www.eventmore.ch\/pro\/wp-json\/wp\/v2\/pages\/383","targetHints":{"allow":["GET"]}}],"collection":[{"href":"https:\/\/www.eventmore.ch\/pro\/wp-json\/wp\/v2\/pages"}],"about":[{"href":"https:\/\/www.eventmore.ch\/pro\/wp-json\/wp\/v2\/types\/page"}],"author":[{"embeddable":true,"href":"https:\/\/www.eventmore.ch\/pro\/wp-json\/wp\/v2\/users\/1"}],"replies":[{"embeddable":true,"href":"https:\/\/www.eventmore.ch\/pro\/wp-json\/wp\/v2\/comments?post=383"}],"version-history":[{"count":0,"href":"https:\/\/www.eventmore.ch\/pro\/wp-json\/wp\/v2\/pages\/383\/revisions"}],"up":[{"embeddable":true,"href":"https:\/\/www.eventmore.ch\/pro\/wp-json\/wp\/v2\/pages\/373"}],"wp:attachment":[{"href":"https:\/\/www.eventmore.ch\/pro\/wp-json\/wp\/v2\/media?parent=383"}],"curies":[{"name":"wp","href":"https:\/\/api.w.org\/{rel}","templated":true}]}}