{"id":3325,"date":"2018-02-17T18:33:27","date_gmt":"2018-02-17T17:33:27","guid":{"rendered":"http:\/\/www.eventmore.ch\/pro\/?page_id=3325"},"modified":"2018-04-18T15:49:22","modified_gmt":"2018-04-18T13:49:22","slug":"coperturapassaggi","status":"publish","type":"page","link":"https:\/\/www.eventmore.ch\/pro\/accessori\/coperturapassaggi\/","title":{"rendered":"Accessori: Copertura passaggi"},"content":{"rendered":"<div  class='flex_column av-av_three_fourth-2a9015ff38129c418a3f2eafba3e9512 av_three_fourth  avia-builder-el-0  el_before_av_one_fourth  avia-builder-el-first  first flex_column_div  '     ><style type=\"text\/css\" data-created_by=\"avia_inline_auto\" id=\"style-css-av-av_heading-d6d13b2561e656040edebad0c135626e\">\n#top .av-special-heading.av-av_heading-d6d13b2561e656040edebad0c135626e{\npadding-bottom:8px;\n}\nbody .av-special-heading.av-av_heading-d6d13b2561e656040edebad0c135626e .av-special-heading-tag .heading-char{\nfont-size:25px;\n}\n.av-special-heading.av-av_heading-d6d13b2561e656040edebad0c135626e .av-subheading{\nfont-size:15px;\n}\n<\/style>\n<div  class='av-special-heading av-av_heading-d6d13b2561e656040edebad0c135626e av-special-heading-h1 blockquote modern-quote  avia-builder-el-1  avia-builder-el-no-sibling '><h1 class='av-special-heading-tag '  itemprop=\"headline\"  >Accessori: Copertura passaggi<\/h1><div class=\"special-heading-border\"><div class=\"special-heading-inner-border\"><\/div><\/div><\/div><\/div>\n\n<style type=\"text\/css\" data-created_by=\"avia_inline_auto\" id=\"style-css-av-av_one_fourth-0aa7055fe62c3622faec82866afbaeb2\">\n.flex_column.av-av_one_fourth-0aa7055fe62c3622faec82866afbaeb2{\nborder-radius:0px 0px 0px 0px;\npadding:0px 0px 0px 0px;\n}\n<\/style>\n<div  class='flex_column av-av_one_fourth-0aa7055fe62c3622faec82866afbaeb2 av_one_fourth  avia-builder-el-2  el_after_av_three_fourth  el_before_av_one_full  flex_column_div av-zero-column-padding  '     ><div  class='avia-button-wrap av-av_button-f70a935a205e6283756be63a4c468d41-wrap avia-button-right  avia-builder-el-3  avia-builder-el-no-sibling '>\n<style type=\"text\/css\" data-created_by=\"avia_inline_auto\" id=\"style-css-av-av_button-f70a935a205e6283756be63a4c468d41\">\n#top #wrap_all .avia-button.av-av_button-f70a935a205e6283756be63a4c468d41{\nbackground-color:#e5e5e5;\nborder-color:#e5e5e5;\ncolor:#000000;\ntransition:all 0.4s ease-in-out;\n}\n#top #wrap_all .avia-button.av-av_button-f70a935a205e6283756be63a4c468d41 .avia-svg-icon svg:first-child{\nfill:#000000;\nstroke:#000000;\n}\n<\/style>\n<a href='https:\/\/www.eventmore.ch\/pro\/accessori\/'  class='avia-button av-av_button-f70a935a205e6283756be63a4c468d41 av-link-btn avia-icon_select-yes-left-icon avia-size-small avia-position-right'   aria-label=\"Back\"><span class='avia_button_icon avia_button_icon_left avia-iconfont avia-font-entypo-fontello' data-av_icon='\ue878' data-av_iconfont='entypo-fontello' ><\/span><span class='avia_iconbox_title' >Back<\/span><\/a><\/div><\/div>\n<div  class='flex_column av-av_one_full-2a9015ff38129c418a3f2eafba3e9512 av_one_full  avia-builder-el-4  el_after_av_one_fourth  el_before_av_hr  first flex_column_div  column-top-margin'     ><div id='av-masonry-1' class='av-masonry av-av_masonry_gallery-d028719212598ff477a08c9c9dc2f955 noHover av-fixed-size av-1px-gap av-hover-overlay- av-masonry-animation-active av-masonry-col-flexible av-caption-always av-caption-style- av-masonry-gallery ' data-post_id=\"3325\"><div class=\"av-masonry-container isotope av-js-disabled\"><div class='av-masonry-entry isotope-item av-masonry-item-no-image '><\/div><a href=\"https:\/\/www.eventmore.ch\/pro\/wp-content\/uploads\/2018\/02\/Passaggi-coperti-2.jpg\" data-srcset=\"https:\/\/www.eventmore.ch\/pro\/wp-content\/uploads\/2018\/02\/Passaggi-coperti-2.jpg 550w, https:\/\/www.eventmore.ch\/pro\/wp-content\/uploads\/2018\/02\/Passaggi-coperti-2-80x80.jpg 80w, https:\/\/www.eventmore.ch\/pro\/wp-content\/uploads\/2018\/02\/Passaggi-coperti-2-300x300.jpg 300w, https:\/\/www.eventmore.ch\/pro\/wp-content\/uploads\/2018\/02\/Passaggi-coperti-2-36x36.jpg 36w, https:\/\/www.eventmore.ch\/pro\/wp-content\/uploads\/2018\/02\/Passaggi-coperti-2-180x180.jpg 180w, https:\/\/www.eventmore.ch\/pro\/wp-content\/uploads\/2018\/02\/Passaggi-coperti-2-120x120.jpg 120w, https:\/\/www.eventmore.ch\/pro\/wp-content\/uploads\/2018\/02\/Passaggi-coperti-2-450x450.jpg 450w\" data-sizes=\"(max-width: 550px) 100vw, 550px\"  aria-label=\"immagine Passaggi coperti 2\"  id='av-masonry-1-item-3326' data-av-masonry-item='3326' class='av-masonry-entry isotope-item post-3326 attachment type-attachment status-inherit hentry  av-masonry-item-with-image' title=\"Passaggi coperti 2\" alt=\"\"    itemprop=\"thumbnailUrl\" ><div class='av-inner-masonry-sizer'><\/div><figure class='av-inner-masonry main_color'><div class=\"av-masonry-outerimage-container\"><div class='av-masonry-image-container' style=\"background-image: url(https:\/\/www.eventmore.ch\/pro\/wp-content\/uploads\/2018\/02\/Passaggi-coperti-2.jpg);\"  title=\"Passaggi coperti 2\" ><\/div><\/div><\/figure><\/a><!--end av-masonry entry--><a href=\"https:\/\/www.eventmore.ch\/pro\/wp-content\/uploads\/2018\/02\/Passaggi-coperti-3.jpg\" data-srcset=\"https:\/\/www.eventmore.ch\/pro\/wp-content\/uploads\/2018\/02\/Passaggi-coperti-3.jpg 550w, https:\/\/www.eventmore.ch\/pro\/wp-content\/uploads\/2018\/02\/Passaggi-coperti-3-80x80.jpg 80w, https:\/\/www.eventmore.ch\/pro\/wp-content\/uploads\/2018\/02\/Passaggi-coperti-3-300x300.jpg 300w, https:\/\/www.eventmore.ch\/pro\/wp-content\/uploads\/2018\/02\/Passaggi-coperti-3-36x36.jpg 36w, https:\/\/www.eventmore.ch\/pro\/wp-content\/uploads\/2018\/02\/Passaggi-coperti-3-180x180.jpg 180w, https:\/\/www.eventmore.ch\/pro\/wp-content\/uploads\/2018\/02\/Passaggi-coperti-3-120x120.jpg 120w, https:\/\/www.eventmore.ch\/pro\/wp-content\/uploads\/2018\/02\/Passaggi-coperti-3-450x450.jpg 450w\" data-sizes=\"(max-width: 550px) 100vw, 550px\"  aria-label=\"immagine Passaggi coperti 3\"  id='av-masonry-1-item-3327' data-av-masonry-item='3327' class='av-masonry-entry isotope-item post-3327 attachment type-attachment status-inherit hentry  av-masonry-item-with-image' title=\"Passaggi coperti 3\" alt=\"\"    itemprop=\"thumbnailUrl\" ><div class='av-inner-masonry-sizer'><\/div><figure class='av-inner-masonry main_color'><div class=\"av-masonry-outerimage-container\"><div class='av-masonry-image-container' style=\"background-image: url(https:\/\/www.eventmore.ch\/pro\/wp-content\/uploads\/2018\/02\/Passaggi-coperti-3.jpg);\"  title=\"Passaggi coperti 3\" ><\/div><\/div><\/figure><\/a><!--end av-masonry entry--><a href=\"https:\/\/www.eventmore.ch\/pro\/wp-content\/uploads\/2018\/04\/Passaggio-2.jpg\" data-srcset=\"https:\/\/www.eventmore.ch\/pro\/wp-content\/uploads\/2018\/04\/Passaggio-2.jpg 550w, https:\/\/www.eventmore.ch\/pro\/wp-content\/uploads\/2018\/04\/Passaggio-2-80x80.jpg 80w, https:\/\/www.eventmore.ch\/pro\/wp-content\/uploads\/2018\/04\/Passaggio-2-300x300.jpg 300w, https:\/\/www.eventmore.ch\/pro\/wp-content\/uploads\/2018\/04\/Passaggio-2-36x36.jpg 36w, https:\/\/www.eventmore.ch\/pro\/wp-content\/uploads\/2018\/04\/Passaggio-2-180x180.jpg 180w, https:\/\/www.eventmore.ch\/pro\/wp-content\/uploads\/2018\/04\/Passaggio-2-120x120.jpg 120w, https:\/\/www.eventmore.ch\/pro\/wp-content\/uploads\/2018\/04\/Passaggio-2-450x450.jpg 450w\" data-sizes=\"(max-width: 550px) 100vw, 550px\"  aria-label=\"immagine Passaggi coperti 8\"  id='av-masonry-1-item-3407' data-av-masonry-item='3407' class='av-masonry-entry isotope-item post-3407 attachment type-attachment status-inherit hentry  av-masonry-item-with-image' title=\"Passaggi coperti 8\" alt=\"\"    itemprop=\"thumbnailUrl\" ><div class='av-inner-masonry-sizer'><\/div><figure class='av-inner-masonry main_color'><div class=\"av-masonry-outerimage-container\"><div class='av-masonry-image-container' style=\"background-image: url(https:\/\/www.eventmore.ch\/pro\/wp-content\/uploads\/2018\/04\/Passaggio-2.jpg);\"  title=\"Passaggi coperti 8\" ><\/div><\/div><\/figure><\/a><!--end av-masonry entry--><a href=\"https:\/\/www.eventmore.ch\/pro\/wp-content\/uploads\/2018\/02\/Passaggi-coperti-4.jpg\" data-srcset=\"https:\/\/www.eventmore.ch\/pro\/wp-content\/uploads\/2018\/02\/Passaggi-coperti-4.jpg 550w, https:\/\/www.eventmore.ch\/pro\/wp-content\/uploads\/2018\/02\/Passaggi-coperti-4-80x80.jpg 80w, https:\/\/www.eventmore.ch\/pro\/wp-content\/uploads\/2018\/02\/Passaggi-coperti-4-300x300.jpg 300w, https:\/\/www.eventmore.ch\/pro\/wp-content\/uploads\/2018\/02\/Passaggi-coperti-4-36x36.jpg 36w, https:\/\/www.eventmore.ch\/pro\/wp-content\/uploads\/2018\/02\/Passaggi-coperti-4-180x180.jpg 180w, https:\/\/www.eventmore.ch\/pro\/wp-content\/uploads\/2018\/02\/Passaggi-coperti-4-120x120.jpg 120w, https:\/\/www.eventmore.ch\/pro\/wp-content\/uploads\/2018\/02\/Passaggi-coperti-4-450x450.jpg 450w\" data-sizes=\"(max-width: 550px) 100vw, 550px\"  aria-label=\"immagine Passaggi coperti 4\"  id='av-masonry-1-item-3328' data-av-masonry-item='3328' class='av-masonry-entry isotope-item post-3328 attachment type-attachment status-inherit hentry  av-masonry-item-with-image' title=\"Passaggi coperti 4\" alt=\"\"    itemprop=\"thumbnailUrl\" ><div class='av-inner-masonry-sizer'><\/div><figure class='av-inner-masonry main_color'><div class=\"av-masonry-outerimage-container\"><div class='av-masonry-image-container' style=\"background-image: url(https:\/\/www.eventmore.ch\/pro\/wp-content\/uploads\/2018\/02\/Passaggi-coperti-4.jpg);\"  title=\"Passaggi coperti 4\" ><\/div><\/div><\/figure><\/a><!--end av-masonry entry--><a href=\"https:\/\/www.eventmore.ch\/pro\/wp-content\/uploads\/2018\/02\/Passaggi-coperti-5.jpg\" data-srcset=\"https:\/\/www.eventmore.ch\/pro\/wp-content\/uploads\/2018\/02\/Passaggi-coperti-5.jpg 550w, https:\/\/www.eventmore.ch\/pro\/wp-content\/uploads\/2018\/02\/Passaggi-coperti-5-80x80.jpg 80w, https:\/\/www.eventmore.ch\/pro\/wp-content\/uploads\/2018\/02\/Passaggi-coperti-5-300x300.jpg 300w, https:\/\/www.eventmore.ch\/pro\/wp-content\/uploads\/2018\/02\/Passaggi-coperti-5-36x36.jpg 36w, https:\/\/www.eventmore.ch\/pro\/wp-content\/uploads\/2018\/02\/Passaggi-coperti-5-180x180.jpg 180w, https:\/\/www.eventmore.ch\/pro\/wp-content\/uploads\/2018\/02\/Passaggi-coperti-5-120x120.jpg 120w, https:\/\/www.eventmore.ch\/pro\/wp-content\/uploads\/2018\/02\/Passaggi-coperti-5-450x450.jpg 450w\" data-sizes=\"(max-width: 550px) 100vw, 550px\"  aria-label=\"immagine Passaggi coperti 5\"  id='av-masonry-1-item-3329' data-av-masonry-item='3329' class='av-masonry-entry isotope-item post-3329 attachment type-attachment status-inherit hentry  av-masonry-item-with-image' title=\"Passaggi coperti 5\" alt=\"\"    itemprop=\"thumbnailUrl\" ><div class='av-inner-masonry-sizer'><\/div><figure class='av-inner-masonry main_color'><div class=\"av-masonry-outerimage-container\"><div class='av-masonry-image-container' style=\"background-image: url(https:\/\/www.eventmore.ch\/pro\/wp-content\/uploads\/2018\/02\/Passaggi-coperti-5.jpg);\"  title=\"Passaggi coperti 5\" ><\/div><\/div><\/figure><\/a><!--end av-masonry entry--><a href=\"https:\/\/www.eventmore.ch\/pro\/wp-content\/uploads\/2018\/04\/Passaggio-3.jpg\" data-srcset=\"https:\/\/www.eventmore.ch\/pro\/wp-content\/uploads\/2018\/04\/Passaggio-3.jpg 550w, https:\/\/www.eventmore.ch\/pro\/wp-content\/uploads\/2018\/04\/Passaggio-3-80x80.jpg 80w, https:\/\/www.eventmore.ch\/pro\/wp-content\/uploads\/2018\/04\/Passaggio-3-300x300.jpg 300w, https:\/\/www.eventmore.ch\/pro\/wp-content\/uploads\/2018\/04\/Passaggio-3-36x36.jpg 36w, https:\/\/www.eventmore.ch\/pro\/wp-content\/uploads\/2018\/04\/Passaggio-3-180x180.jpg 180w, https:\/\/www.eventmore.ch\/pro\/wp-content\/uploads\/2018\/04\/Passaggio-3-120x120.jpg 120w, https:\/\/www.eventmore.ch\/pro\/wp-content\/uploads\/2018\/04\/Passaggio-3-450x450.jpg 450w\" data-sizes=\"(max-width: 550px) 100vw, 550px\"  aria-label=\"immagine Passaggi coperti 9\"  id='av-masonry-1-item-3408' data-av-masonry-item='3408' class='av-masonry-entry isotope-item post-3408 attachment type-attachment status-inherit hentry  av-masonry-item-with-image' title=\"Passaggi coperti 9\" alt=\"\"    itemprop=\"thumbnailUrl\" ><div class='av-inner-masonry-sizer'><\/div><figure class='av-inner-masonry main_color'><div class=\"av-masonry-outerimage-container\"><div class='av-masonry-image-container' style=\"background-image: url(https:\/\/www.eventmore.ch\/pro\/wp-content\/uploads\/2018\/04\/Passaggio-3.jpg);\"  title=\"Passaggi coperti 9\" ><\/div><\/div><\/figure><\/a><!--end av-masonry entry--><a href=\"https:\/\/www.eventmore.ch\/pro\/wp-content\/uploads\/2018\/02\/Passaggi-coperti-6.jpg\" data-srcset=\"https:\/\/www.eventmore.ch\/pro\/wp-content\/uploads\/2018\/02\/Passaggi-coperti-6.jpg 550w, https:\/\/www.eventmore.ch\/pro\/wp-content\/uploads\/2018\/02\/Passaggi-coperti-6-80x80.jpg 80w, https:\/\/www.eventmore.ch\/pro\/wp-content\/uploads\/2018\/02\/Passaggi-coperti-6-300x300.jpg 300w, https:\/\/www.eventmore.ch\/pro\/wp-content\/uploads\/2018\/02\/Passaggi-coperti-6-36x36.jpg 36w, https:\/\/www.eventmore.ch\/pro\/wp-content\/uploads\/2018\/02\/Passaggi-coperti-6-180x180.jpg 180w, https:\/\/www.eventmore.ch\/pro\/wp-content\/uploads\/2018\/02\/Passaggi-coperti-6-120x120.jpg 120w, https:\/\/www.eventmore.ch\/pro\/wp-content\/uploads\/2018\/02\/Passaggi-coperti-6-450x450.jpg 450w\" data-sizes=\"(max-width: 550px) 100vw, 550px\"  aria-label=\"immagine Passaggi coperti 6\"  id='av-masonry-1-item-3330' data-av-masonry-item='3330' class='av-masonry-entry isotope-item post-3330 attachment type-attachment status-inherit hentry  av-masonry-item-with-image' title=\"Passaggi coperti 6\" alt=\"\"    itemprop=\"thumbnailUrl\" ><div class='av-inner-masonry-sizer'><\/div><figure class='av-inner-masonry main_color'><div class=\"av-masonry-outerimage-container\"><div class='av-masonry-image-container' style=\"background-image: url(https:\/\/www.eventmore.ch\/pro\/wp-content\/uploads\/2018\/02\/Passaggi-coperti-6.jpg);\"  title=\"Passaggi coperti 6\" ><\/div><\/div><\/figure><\/a><!--end av-masonry entry--><a href=\"https:\/\/www.eventmore.ch\/pro\/wp-content\/uploads\/2018\/02\/Passaggi-coperti-7.jpg\" data-srcset=\"https:\/\/www.eventmore.ch\/pro\/wp-content\/uploads\/2018\/02\/Passaggi-coperti-7.jpg 550w, https:\/\/www.eventmore.ch\/pro\/wp-content\/uploads\/2018\/02\/Passaggi-coperti-7-80x80.jpg 80w, https:\/\/www.eventmore.ch\/pro\/wp-content\/uploads\/2018\/02\/Passaggi-coperti-7-300x300.jpg 300w, https:\/\/www.eventmore.ch\/pro\/wp-content\/uploads\/2018\/02\/Passaggi-coperti-7-36x36.jpg 36w, https:\/\/www.eventmore.ch\/pro\/wp-content\/uploads\/2018\/02\/Passaggi-coperti-7-180x180.jpg 180w, https:\/\/www.eventmore.ch\/pro\/wp-content\/uploads\/2018\/02\/Passaggi-coperti-7-120x120.jpg 120w, https:\/\/www.eventmore.ch\/pro\/wp-content\/uploads\/2018\/02\/Passaggi-coperti-7-450x450.jpg 450w\" data-sizes=\"(max-width: 550px) 100vw, 550px\"  aria-label=\"immagine Passaggi coperti 7\"  id='av-masonry-1-item-3331' data-av-masonry-item='3331' class='av-masonry-entry isotope-item post-3331 attachment type-attachment status-inherit hentry  av-masonry-item-with-image' title=\"Passaggi coperti 7\" alt=\"\"    itemprop=\"thumbnailUrl\" ><div class='av-inner-masonry-sizer'><\/div><figure class='av-inner-masonry main_color'><div class=\"av-masonry-outerimage-container\"><div class='av-masonry-image-container' style=\"background-image: url(https:\/\/www.eventmore.ch\/pro\/wp-content\/uploads\/2018\/02\/Passaggi-coperti-7.jpg);\"  title=\"Passaggi coperti 7\" ><\/div><\/div><\/figure><\/a><!--end av-masonry entry--><a href=\"https:\/\/www.eventmore.ch\/pro\/wp-content\/uploads\/2018\/02\/Tunnel.jpg\" data-srcset=\"https:\/\/www.eventmore.ch\/pro\/wp-content\/uploads\/2018\/02\/Tunnel.jpg 550w, https:\/\/www.eventmore.ch\/pro\/wp-content\/uploads\/2018\/02\/Tunnel-80x80.jpg 80w, https:\/\/www.eventmore.ch\/pro\/wp-content\/uploads\/2018\/02\/Tunnel-300x300.jpg 300w, https:\/\/www.eventmore.ch\/pro\/wp-content\/uploads\/2018\/02\/Tunnel-36x36.jpg 36w, https:\/\/www.eventmore.ch\/pro\/wp-content\/uploads\/2018\/02\/Tunnel-180x180.jpg 180w, https:\/\/www.eventmore.ch\/pro\/wp-content\/uploads\/2018\/02\/Tunnel-120x120.jpg 120w, https:\/\/www.eventmore.ch\/pro\/wp-content\/uploads\/2018\/02\/Tunnel-450x450.jpg 450w\" data-sizes=\"(max-width: 550px) 100vw, 550px\"  aria-label=\"immagine Passaggi coperti 8\"  id='av-masonry-1-item-3332' data-av-masonry-item='3332' class='av-masonry-entry isotope-item post-3332 attachment type-attachment status-inherit hentry  av-masonry-item-with-image' title=\"Passaggi coperti 8\" alt=\"\"    itemprop=\"thumbnailUrl\" ><div class='av-inner-masonry-sizer'><\/div><figure class='av-inner-masonry main_color'><div class=\"av-masonry-outerimage-container\"><div class='av-masonry-image-container' style=\"background-image: url(https:\/\/www.eventmore.ch\/pro\/wp-content\/uploads\/2018\/02\/Tunnel.jpg);\"  title=\"Passaggi coperti 8\" ><\/div><\/div><\/figure><\/a><!--end av-masonry entry--><\/div><\/div><\/div><div  class='hr av-av_hr-019c49a54a520935806c914d1994bb53 hr-default  avia-builder-el-6  el_after_av_one_full  el_before_av_one_full '><span class='hr-inner '><span class=\"hr-inner-style\"><\/span><\/span><\/div><\/p>\n<div  class='flex_column av-av_one_full-2a9015ff38129c418a3f2eafba3e9512 av_one_full  avia-builder-el-7  el_after_av_hr  el_before_av_hr  first flex_column_div  '     ><style type=\"text\/css\" data-created_by=\"avia_inline_auto\" id=\"style-css-av-av_textblock-4aac75dfe5f173a54ef693cf403fe909\">\n#top .av_textblock_section.av-av_textblock-4aac75dfe5f173a54ef693cf403fe909 .avia_textblock{\ncolor:#0a0a0a;\n}\n<\/style>\n<section  class='av_textblock_section av-av_textblock-4aac75dfe5f173a54ef693cf403fe909 '   itemscope=\"itemscope\" itemtype=\"https:\/\/schema.org\/CreativeWork\" ><div class='avia_textblock av_inherit_color'  itemprop=\"text\" ><p>Soluzione ideale per trasferire ospiti e invitati da una struttura ad un\u2019altra in sicurezza, discrezione e protetti da agenti atmosferici. Due le varianti disponibili:<\/p>\n<p>&#8211; Tunnel estensibile in alluminio completo di ruote di scorrimento e copertura in tessuto PVC ignifugo.<\/p>\n<p>&#8211; Gazebo montati in serie, perfetti per soddisfare particolari necessit\u00e0 di lunghezza e larghezza del passaggio. Si caratterizzano per solidit\u00e0, stabilit\u00e0 e semplicit\u00e0 di montaggio.<\/p>\n<\/div><\/section><\/div>\n<div  class='hr av-av_hr-019c49a54a520935806c914d1994bb53 hr-default  avia-builder-el-9  el_after_av_one_full  avia-builder-el-last '><span class='hr-inner '><span class=\"hr-inner-style\"><\/span><\/span><\/div>\n","protected":false},"excerpt":{"rendered":"","protected":false},"author":9,"featured_media":0,"parent":449,"menu_order":0,"comment_status":"closed","ping_status":"open","template":"","meta":{"footnotes":""},"class_list":["post-3325","page","type-page","status-publish","hentry"],"_links":{"self":[{"href":"https:\/\/www.eventmore.ch\/pro\/wp-json\/wp\/v2\/pages\/3325","targetHints":{"allow":["GET"]}}],"collection":[{"href":"https:\/\/www.eventmore.ch\/pro\/wp-json\/wp\/v2\/pages"}],"about":[{"href":"https:\/\/www.eventmore.ch\/pro\/wp-json\/wp\/v2\/types\/page"}],"author":[{"embeddable":true,"href":"https:\/\/www.eventmore.ch\/pro\/wp-json\/wp\/v2\/users\/9"}],"replies":[{"embeddable":true,"href":"https:\/\/www.eventmore.ch\/pro\/wp-json\/wp\/v2\/comments?post=3325"}],"version-history":[{"count":0,"href":"https:\/\/www.eventmore.ch\/pro\/wp-json\/wp\/v2\/pages\/3325\/revisions"}],"up":[{"embeddable":true,"href":"https:\/\/www.eventmore.ch\/pro\/wp-json\/wp\/v2\/pages\/449"}],"wp:attachment":[{"href":"https:\/\/www.eventmore.ch\/pro\/wp-json\/wp\/v2\/media?parent=3325"}],"curies":[{"name":"wp","href":"https:\/\/api.w.org\/{rel}","templated":true}]}}